{"id":8,"date":"2025-05-22T18:31:00","date_gmt":"2025-05-22T16:31:00","guid":{"rendered":"https:\/\/wiki.radioactivegaming.eu\/\/?page_id=8"},"modified":"2025-08-14T12:12:48","modified_gmt":"2025-08-14T10:12:48","slug":"willkommen","status":"publish","type":"page","link":"https:\/\/wiki.radioactivegaming.eu\/de_de\/","title":{"rendered":"Startseite"},"content":{"rendered":"\t\t<div data-elementor-type=\"wp-page\" data-elementor-id=\"8\" class=\"elementor elementor-8\">\n\t\t\t\t<div class=\"elementor-element elementor-element-5b310a1 e-flex e-con-boxed e-con e-parent\" data-id=\"5b310a1\" data-element_type=\"container\" data-e-type=\"container\">\n\t\t\t\t\t<div class=\"e-con-inner\">\n\t\t<div class=\"elementor-element elementor-element-3fdd262 e-con-full e-flex e-con e-child\" data-id=\"3fdd262\" data-element_type=\"container\" data-e-type=\"container\">\n\t\t\t\t<div class=\"elementor-element elementor-element-29c1354 elementor-widget elementor-widget-image\" data-id=\"29c1354\" data-element_type=\"widget\" data-e-type=\"widget\" data-widget_type=\"image.default\">\n\t\t\t\t<div class=\"elementor-widget-container\">\n\t\t\t\t\t\t\t\t\t\t\t\t\t\t\t<img fetchpriority=\"high\" decoding=\"async\" width=\"958\" height=\"636\" src=\"https:\/\/wiki.radioactivegaming.eu\/wp-content\/uploads\/2025\/05\/Pirat-2.png\" class=\"attachment-large size-large wp-image-17\" alt=\"\" srcset=\"https:\/\/wiki.radioactivegaming.eu\/wp-content\/uploads\/2025\/05\/Pirat-2.png 958w, https:\/\/wiki.radioactivegaming.eu\/wp-content\/uploads\/2025\/05\/Pirat-2-300x199.png 300w, https:\/\/wiki.radioactivegaming.eu\/wp-content\/uploads\/2025\/05\/Pirat-2-768x510.png 768w\" sizes=\"(max-width: 958px) 100vw, 958px\" \/>\t\t\t\t\t\t\t\t\t\t\t\t\t\t\t<\/div>\n\t\t\t\t<\/div>\n\t\t\t\t<\/div>\n\t\t<div class=\"elementor-element elementor-element-6340500 e-con-full e-flex e-con e-child\" data-id=\"6340500\" data-element_type=\"container\" data-e-type=\"container\">\n\t\t\t\t<div class=\"elementor-element elementor-element-e5eef7d elementor-widget elementor-widget-heading\" data-id=\"e5eef7d\" data-element_type=\"widget\" data-e-type=\"widget\" data-widget_type=\"heading.default\">\n\t\t\t\t<div class=\"elementor-widget-container\">\n\t\t\t\t\t<h2 class=\"elementor-heading-title elementor-size-default\">Willkommen auf dem Radioactive Atlas Wiki<\/h2>\t\t\t\t<\/div>\n\t\t\t\t<\/div>\n\t\t\t\t<div class=\"elementor-element elementor-element-a469e4f elementor-widget elementor-widget-text-editor\" data-id=\"a469e4f\" data-element_type=\"widget\" data-e-type=\"widget\" data-widget_type=\"text-editor.default\">\n\t\t\t\t<div class=\"elementor-widget-container\">\n\t\t\t\t\t\t\t\t\t<p>Der Ort wo sich schlaue Piraten informieren. Hier findest du sowohl alle wichtigen Informationen und Anleitungen sowie Tipps und Tricks rund um unsere gemeinsame Leidenschaft \u2013 den Radioactive Atlas Server!<\/p><p>Egal, ob du neu im Spiel bist oder schon ein erfahrener Veteran, unsere Seite bietet dir eine Plattform, um dich \u00fcber die vielen Besonderheiten des Servers zu informieren und viele detaillierte Anleitungen zu entdecken.<br \/><br \/>Dar\u00fcber hinaus sammeln wir hier alle aktuellen News und Patchnotes und stellen Euch einen Kalender zur Verf\u00fcgung, mit dem Ihr immer den \u00dcberblick \u00fcber die kommenenden Community Events behaltet.\u00a0<\/p><p>Unsere Community lebt vom Engagement und der Unterst\u00fctzung aller Mitglieder.\u00a0<\/p>\t\t\t\t\t\t\t\t<\/div>\n\t\t\t\t<\/div>\n\t\t\t\t<\/div>\n\t\t<div class=\"elementor-element elementor-element-b8101fc e-con-full e-flex e-con e-child\" data-id=\"b8101fc\" data-element_type=\"container\" data-e-type=\"container\">\n\t\t\t\t<div class=\"elementor-element elementor-element-ce58991 elementor-widget elementor-widget-text-editor\" data-id=\"ce58991\" data-element_type=\"widget\" data-e-type=\"widget\" data-widget_type=\"text-editor.default\">\n\t\t\t\t<div class=\"elementor-widget-container\">\n\t\t\t\t\t\t\t\t\t<p>Sollten dir hier Themen fehlen oder du aktiv an der Gestaltung des Wikis mitwirken wollen, spreche gerne einen unserer Administratoren an.\u00a0Gemeinsam wollen wir das Spielerlebnis noch spannender und angenehmer gestalten. Viel Spa\u00df beim Erkunden, Lernen und Mitmachen!<\/p>\t\t\t\t\t\t\t\t<\/div>\n\t\t\t\t<\/div>\n\t\t\t\t<\/div>\n\t\t\t\t\t<\/div>\n\t\t\t\t<\/div>\n\t\t<div class=\"elementor-element elementor-element-4cb6992 e-flex e-con-boxed e-con e-parent\" data-id=\"4cb6992\" data-element_type=\"container\" data-e-type=\"container\" data-settings=\"{&quot;background_background&quot;:&quot;classic&quot;,&quot;shape_divider_top&quot;:&quot;triangle&quot;}\">\n\t\t\t\t\t<div class=\"e-con-inner\">\n\t\t\t\t<div class=\"elementor-shape elementor-shape-top\" aria-hidden=\"true\" data-negative=\"false\">\n\t\t\t<svg xmlns=\"http:\/\/www.w3.org\/2000\/svg\" viewBox=\"0 0 1000 100\" preserveAspectRatio=\"none\">\n\t<path class=\"elementor-shape-fill\" d=\"M500,98.9L0,6.1V0h1000v6.1L500,98.9z\"\/>\n<\/svg>\t\t<\/div>\n\t\t<div class=\"elementor-element elementor-element-d626ed8 e-con-full e-flex e-con e-child\" data-id=\"d626ed8\" data-element_type=\"container\" data-e-type=\"container\" data-settings=\"{&quot;background_background&quot;:&quot;classic&quot;}\">\n\t\t\t\t<div class=\"elementor-element elementor-element-87f90a3 elementor-widget elementor-widget-image\" data-id=\"87f90a3\" data-element_type=\"widget\" data-e-type=\"widget\" data-widget_type=\"image.default\">\n\t\t\t\t<div class=\"elementor-widget-container\">\n\t\t\t\t\t\t\t\t\t\t\t\t\t\t\t<img decoding=\"async\" width=\"512\" height=\"512\" src=\"https:\/\/wiki.radioactivegaming.eu\/wp-content\/uploads\/2025\/05\/faq_chat_questions_messages_message_icon_147463.png\" class=\"attachment-full size-full wp-image-71\" alt=\"\" srcset=\"https:\/\/wiki.radioactivegaming.eu\/wp-content\/uploads\/2025\/05\/faq_chat_questions_messages_message_icon_147463.png 512w, https:\/\/wiki.radioactivegaming.eu\/wp-content\/uploads\/2025\/05\/faq_chat_questions_messages_message_icon_147463-300x300.png 300w, https:\/\/wiki.radioactivegaming.eu\/wp-content\/uploads\/2025\/05\/faq_chat_questions_messages_message_icon_147463-150x150.png 150w\" sizes=\"(max-width: 512px) 100vw, 512px\" \/>\t\t\t\t\t\t\t\t\t\t\t\t\t\t\t<\/div>\n\t\t\t\t<\/div>\n\t\t\t\t<div class=\"elementor-element elementor-element-ea68af7 elementor-widget elementor-widget-heading\" data-id=\"ea68af7\" data-element_type=\"widget\" data-e-type=\"widget\" data-widget_type=\"heading.default\">\n\t\t\t\t<div class=\"elementor-widget-container\">\n\t\t\t\t\t<h5 class=\"elementor-heading-title elementor-size-default\">Unser Wiki<\/h5>\t\t\t\t<\/div>\n\t\t\t\t<\/div>\n\t\t\t\t<div class=\"elementor-element elementor-element-49857a4 elementor-widget elementor-widget-heading\" data-id=\"49857a4\" data-element_type=\"widget\" data-e-type=\"widget\" data-widget_type=\"heading.default\">\n\t\t\t\t<div class=\"elementor-widget-container\">\n\t\t\t\t\t<h3 class=\"elementor-heading-title elementor-size-default\">Deine Wissensdatenbank<\/h3>\t\t\t\t<\/div>\n\t\t\t\t<\/div>\n\t\t\t\t<div class=\"elementor-element elementor-element-eb19549 elementor-widget__width-initial elementor-widget elementor-widget-text-editor\" data-id=\"eb19549\" data-element_type=\"widget\" data-e-type=\"widget\" data-widget_type=\"text-editor.default\">\n\t\t\t\t<div class=\"elementor-widget-container\">\n\t\t\t\t\t\t\t\t\t<p>Hier findest du was du \u00fcber unseren Radioactive Atlas Server wissen musst. Von Antworten auf einfache Fragen bis zu komplexen Anleitungen zu bestimmten Themen ist hier alles zu finden.<\/p>\t\t\t\t\t\t\t\t<\/div>\n\t\t\t\t<\/div>\n\t\t\t\t<div class=\"elementor-element elementor-element-44c587c elementor-widget elementor-widget-button\" data-id=\"44c587c\" data-element_type=\"widget\" data-e-type=\"widget\" data-widget_type=\"button.default\">\n\t\t\t\t<div class=\"elementor-widget-container\">\n\t\t\t\t\t\t\t\t\t<div class=\"elementor-button-wrapper\">\n\t\t\t\t\t<a class=\"elementor-button elementor-button-link elementor-size-md elementor-animation-float\" href=\"https:\/\/wiki.radioactivegaming.eu\/category\/wiki\/\">\n\t\t\t\t\t\t<span class=\"elementor-button-content-wrapper\">\n\t\t\t\t\t\t\t\t\t<span class=\"elementor-button-text\">zum Wiki<\/span>\n\t\t\t\t\t<\/span>\n\t\t\t\t\t<\/a>\n\t\t\t\t<\/div>\n\t\t\t\t\t\t\t\t<\/div>\n\t\t\t\t<\/div>\n\t\t\t\t<\/div>\n\t\t<div class=\"elementor-element elementor-element-d2ecf4f e-con-full e-flex e-con e-child\" data-id=\"d2ecf4f\" data-element_type=\"container\" data-e-type=\"container\" data-settings=\"{&quot;background_background&quot;:&quot;classic&quot;}\">\n\t\t\t\t<div class=\"elementor-element elementor-element-10902b0 elementor-widget elementor-widget-image\" data-id=\"10902b0\" data-element_type=\"widget\" data-e-type=\"widget\" data-widget_type=\"image.default\">\n\t\t\t\t<div class=\"elementor-widget-container\">\n\t\t\t\t\t\t\t\t\t\t\t\t\t\t\t\t<a href=\"https:\/\/wiki.radioactivegaming.eu\/de_de\/category\/patchnotes-news\/\">\n\t\t\t\t\t\t\t<img decoding=\"async\" width=\"512\" height=\"512\" src=\"https:\/\/wiki.radioactivegaming.eu\/wp-content\/uploads\/2025\/05\/info_icon_147458.png\" class=\"attachment-full size-full wp-image-72\" alt=\"\" srcset=\"https:\/\/wiki.radioactivegaming.eu\/wp-content\/uploads\/2025\/05\/info_icon_147458.png 512w, https:\/\/wiki.radioactivegaming.eu\/wp-content\/uploads\/2025\/05\/info_icon_147458-300x300.png 300w, https:\/\/wiki.radioactivegaming.eu\/wp-content\/uploads\/2025\/05\/info_icon_147458-150x150.png 150w\" sizes=\"(max-width: 512px) 100vw, 512px\" \/>\t\t\t\t\t\t\t\t<\/a>\n\t\t\t\t\t\t\t\t\t\t\t\t\t\t\t<\/div>\n\t\t\t\t<\/div>\n\t\t\t\t<div class=\"elementor-element elementor-element-18cdebb elementor-widget elementor-widget-heading\" data-id=\"18cdebb\" data-element_type=\"widget\" data-e-type=\"widget\" data-widget_type=\"heading.default\">\n\t\t\t\t<div class=\"elementor-widget-container\">\n\t\t\t\t\t<h5 class=\"elementor-heading-title elementor-size-default\">Patchnotes &amp; News<\/h5>\t\t\t\t<\/div>\n\t\t\t\t<\/div>\n\t\t\t\t<div class=\"elementor-element elementor-element-d29a5bb elementor-widget elementor-widget-heading\" data-id=\"d29a5bb\" data-element_type=\"widget\" data-e-type=\"widget\" data-widget_type=\"heading.default\">\n\t\t\t\t<div class=\"elementor-widget-container\">\n\t\t\t\t\t<h3 class=\"elementor-heading-title elementor-size-default\">Auf dem Laufenden<\/h3>\t\t\t\t<\/div>\n\t\t\t\t<\/div>\n\t\t\t\t<div class=\"elementor-element elementor-element-244c93d elementor-widget elementor-widget-text-editor\" data-id=\"244c93d\" data-element_type=\"widget\" data-e-type=\"widget\" data-widget_type=\"text-editor.default\">\n\t\t\t\t<div class=\"elementor-widget-container\">\n\t\t\t\t\t\t\t\t\t<p>Hier findest du eine Sammlung unserer Patchnotes und eine Kopie unserer News und den Ank\u00fcndigungen aus dem Discord. So bleibst du immer auf dem neusten Stand.<\/p>\n<p><\/p>\t\t\t\t\t\t\t\t<\/div>\n\t\t\t\t<\/div>\n\t\t\t\t<div class=\"elementor-element elementor-element-c3e2fa6 elementor-widget elementor-widget-button\" data-id=\"c3e2fa6\" data-element_type=\"widget\" data-e-type=\"widget\" data-widget_type=\"button.default\">\n\t\t\t\t<div class=\"elementor-widget-container\">\n\t\t\t\t\t\t\t\t\t<div class=\"elementor-button-wrapper\">\n\t\t\t\t\t<a class=\"elementor-button elementor-button-link elementor-size-md elementor-animation-float\" href=\"https:\/\/wiki.radioactivegaming.eu\/de_de\/category\/patchnotes-news\/\">\n\t\t\t\t\t\t<span class=\"elementor-button-content-wrapper\">\n\t\t\t\t\t\t\t\t\t<span class=\"elementor-button-text\">Zu den Patchnotes &amp; News<\/span>\n\t\t\t\t\t<\/span>\n\t\t\t\t\t<\/a>\n\t\t\t\t<\/div>\n\t\t\t\t\t\t\t\t<\/div>\n\t\t\t\t<\/div>\n\t\t\t\t<\/div>\n\t\t<div class=\"elementor-element elementor-element-8daa1ed e-con-full e-flex e-con e-child\" data-id=\"8daa1ed\" data-element_type=\"container\" data-e-type=\"container\" data-settings=\"{&quot;background_background&quot;:&quot;classic&quot;}\">\n\t\t\t\t<div class=\"elementor-element elementor-element-a0d9a3d elementor-widget elementor-widget-image\" data-id=\"a0d9a3d\" data-element_type=\"widget\" data-e-type=\"widget\" data-widget_type=\"image.default\">\n\t\t\t\t<div class=\"elementor-widget-container\">\n\t\t\t\t\t\t\t\t\t\t\t\t\t\t\t\t<a href=\"https:\/\/wiki.radioactivegaming.eu\/events\/\">\n\t\t\t\t\t\t\t<img loading=\"lazy\" decoding=\"async\" width=\"527\" height=\"475\" src=\"https:\/\/wiki.radioactivegaming.eu\/wp-content\/uploads\/2025\/05\/Kalender-1.png\" class=\"attachment-full size-full wp-image-86\" alt=\"\" srcset=\"https:\/\/wiki.radioactivegaming.eu\/wp-content\/uploads\/2025\/05\/Kalender-1.png 527w, https:\/\/wiki.radioactivegaming.eu\/wp-content\/uploads\/2025\/05\/Kalender-1-300x270.png 300w\" sizes=\"(max-width: 527px) 100vw, 527px\" \/>\t\t\t\t\t\t\t\t<\/a>\n\t\t\t\t\t\t\t\t\t\t\t\t\t\t\t<\/div>\n\t\t\t\t<\/div>\n\t\t\t\t<div class=\"elementor-element elementor-element-b51ddd3 elementor-widget elementor-widget-heading\" data-id=\"b51ddd3\" data-element_type=\"widget\" data-e-type=\"widget\" data-widget_type=\"heading.default\">\n\t\t\t\t<div class=\"elementor-widget-container\">\n\t\t\t\t\t<h5 class=\"elementor-heading-title elementor-size-default\">Eventkalender<\/h5>\t\t\t\t<\/div>\n\t\t\t\t<\/div>\n\t\t\t\t<div class=\"elementor-element elementor-element-e1cf11e elementor-widget elementor-widget-heading\" data-id=\"e1cf11e\" data-element_type=\"widget\" data-e-type=\"widget\" data-widget_type=\"heading.default\">\n\t\t\t\t<div class=\"elementor-widget-container\">\n\t\t\t\t\t<h3 class=\"elementor-heading-title elementor-size-default\">Nichts mehr verpassen<\/h3>\t\t\t\t<\/div>\n\t\t\t\t<\/div>\n\t\t\t\t<div class=\"elementor-element elementor-element-86a235a elementor-widget elementor-widget-text-editor\" data-id=\"86a235a\" data-element_type=\"widget\" data-e-type=\"widget\" data-widget_type=\"text-editor.default\">\n\t\t\t\t<div class=\"elementor-widget-container\">\n\t\t\t\t\t\t\t\t\t<p>Hier findest du eine \u00dcbersicht zu den anstehenden Community Events auf dem Radioactive Atlas Server. So entgeht dir sicher keine Aktivit\u00e4t mehr.\u00a0<\/p>\t\t\t\t\t\t\t\t<\/div>\n\t\t\t\t<\/div>\n\t\t\t\t<div class=\"elementor-element elementor-element-d997d17 elementor-widget elementor-widget-button\" data-id=\"d997d17\" data-element_type=\"widget\" data-e-type=\"widget\" data-widget_type=\"button.default\">\n\t\t\t\t<div class=\"elementor-widget-container\">\n\t\t\t\t\t\t\t\t\t<div class=\"elementor-button-wrapper\">\n\t\t\t\t\t<a class=\"elementor-button elementor-button-link elementor-size-md elementor-animation-float\" href=\"https:\/\/wiki.radioactivegaming.eu\/events\/\">\n\t\t\t\t\t\t<span class=\"elementor-button-content-wrapper\">\n\t\t\t\t\t\t\t\t\t<span class=\"elementor-button-text\">Zum Eventkalender<\/span>\n\t\t\t\t\t<\/span>\n\t\t\t\t\t<\/a>\n\t\t\t\t<\/div>\n\t\t\t\t\t\t\t\t<\/div>\n\t\t\t\t<\/div>\n\t\t\t\t<\/div>\n\t\t\t\t\t<\/div>\n\t\t\t\t<\/div>\n\t\t\t\t<\/div>\n\t\t","protected":false},"excerpt":{"rendered":"<p>Willkommen auf dem Radioactive Atlas Wiki Der Ort wo sich schlaue Piraten informieren. Hier findest &hellip; <\/p>\n","protected":false},"author":1,"featured_media":0,"parent":0,"menu_order":0,"comment_status":"closed","ping_status":"closed","template":"","meta":{"footnotes":""},"class_list":["post-8","page","type-page","status-publish","hentry"],"_links":{"self":[{"href":"https:\/\/wiki.radioactivegaming.eu\/de_de\/wp-json\/wp\/v2\/pages\/8","targetHints":{"allow":["GET"]}}],"collection":[{"href":"https:\/\/wiki.radioactivegaming.eu\/de_de\/wp-json\/wp\/v2\/pages"}],"about":[{"href":"https:\/\/wiki.radioactivegaming.eu\/de_de\/wp-json\/wp\/v2\/types\/page"}],"author":[{"embeddable":true,"href":"https:\/\/wiki.radioactivegaming.eu\/de_de\/wp-json\/wp\/v2\/users\/1"}],"replies":[{"embeddable":true,"href":"https:\/\/wiki.radioactivegaming.eu\/de_de\/wp-json\/wp\/v2\/comments?post=8"}],"version-history":[{"count":73,"href":"https:\/\/wiki.radioactivegaming.eu\/de_de\/wp-json\/wp\/v2\/pages\/8\/revisions"}],"predecessor-version":[{"id":1924,"href":"https:\/\/wiki.radioactivegaming.eu\/de_de\/wp-json\/wp\/v2\/pages\/8\/revisions\/1924"}],"wp:attachment":[{"href":"https:\/\/wiki.radioactivegaming.eu\/de_de\/wp-json\/wp\/v2\/media?parent=8"}],"curies":[{"name":"wp","href":"https:\/\/api.w.org\/{rel}","templated":true}]}}